{"id":170,"date":"2024-04-28T07:11:05","date_gmt":"2024-04-28T05:11:05","guid":{"rendered":"https:\/\/www.pipa.sk\/?page_id=170"},"modified":"2024-06-05T11:31:25","modified_gmt":"2024-06-05T09:31:25","slug":"ponuka-vycapnych-zariadeni","status":"publish","type":"page","link":"https:\/\/www.pipa.sk\/","title":{"rendered":"ponuka v\u00fd\u010dapn\u00fdch zariaden\u00ed"},"content":{"rendered":"\n<p><\/p>\n\n\n\n<h2 class=\"wp-block-heading\">jednop\u00e1kov\u00e1 p\u00e1rty p\u00edpa bez chladenia s pumpi\u010dkou<\/h2>\n\n\n<div class=\"wp-block-image\">\n<figure class=\"alignright size-full is-resized\"><img loading=\"lazy\" decoding=\"async\" width=\"600\" height=\"600\" src=\"https:\/\/www.pipa.sk\/wp-content\/uploads\/2020\/05\/sada-party-pipa-s-rucnou-pumpou-a-narazac-kombi.jpg\" alt=\"p\u00e1rtyp\u00edpa\" class=\"wp-image-101\" style=\"width:256px;height:auto\" srcset=\"https:\/\/www.pipa.sk\/wp-content\/uploads\/2020\/05\/sada-party-pipa-s-rucnou-pumpou-a-narazac-kombi.jpg 600w, https:\/\/www.pipa.sk\/wp-content\/uploads\/2020\/05\/sada-party-pipa-s-rucnou-pumpou-a-narazac-kombi-300x300.jpg 300w, https:\/\/www.pipa.sk\/wp-content\/uploads\/2020\/05\/sada-party-pipa-s-rucnou-pumpou-a-narazac-kombi-150x150.jpg 150w, https:\/\/www.pipa.sk\/wp-content\/uploads\/2020\/05\/sada-party-pipa-s-rucnou-pumpou-a-narazac-kombi-370x370.jpg 370w\" sizes=\"auto, (max-width: 600px) 100vw, 600px\" \/><\/figure><\/div>\n\n\n<p>jednop\u00e1kov\u00e1 p\u00edpa s tlakovacou pumpi\u010dkou. Ve\u013emi dobr\u00e1 pom\u00f4cka na nen\u00e1ro\u010dn\u00e9 \u010dapovanie piva. Pumpi\u010dkou sa v sude vytv\u00e1ra tlak a tak sa d\u00e1 pivo \u010dapova\u0165. Nev\u00fdhodou v\u0161ak je, \u017ee pivo z nevychladn\u00e9ho suda bude ma\u0165 teplotu okolia. Odpor\u00fa\u010dan\u00e1 teplota piva je 5-10, max. 18\u00b0C.<br><strong>Cena<\/strong>&nbsp;zapo\u017ei\u010dania p\u00e1rtyp\u00edpy na v\u00edkend PIA-NE je&nbsp;<strong>24 \u20ac<\/strong>&nbsp;(zapo\u017ei\u010danie na PO-PIA 24 hod\u00edn 14 \u20ac) a z\u00e1loha za zariadenie je&nbsp;<strong>100 \u20ac<\/strong>. Rezerv\u00e1cie prij\u00edmame na telef\u00f3nnom \u010d\u00edsle 0904 93 77 43. V cene nie je zar\u00e1tan\u00fd&nbsp;<strong>dovoz\/odvoz (5.5 \u20ac)<\/strong>&nbsp;zariadenia.<\/p>\n\n\n\n<div class=\"wp-block-group\"><div class=\"wp-block-group__inner-container is-layout-constrained wp-block-group-is-layout-constrained\">\n<div class=\"wp-block-columns is-layout-flex wp-container-core-columns-is-layout-1 wp-block-columns-is-layout-flex\">\n<div class=\"wp-block-column is-layout-flow wp-block-column-is-layout-flow\" style=\"flex-basis:100%\">\n<hr class=\"wp-block-separator has-alpha-channel-opacity\"\/>\n\n\n\n<p><\/p>\n\n\n\n<h2 class=\"wp-block-heading\">jednop\u00e1kov\u00e1 p\u00edpa s chladen\u00edm a kompresorom Lindr Lindr20K<\/h2>\n<\/div>\n<\/div>\n<\/div><\/div>\n\n\n\n<div class=\"wp-block-group\"><div class=\"wp-block-group__inner-container is-layout-constrained wp-block-group-is-layout-constrained\">\n<div class=\"wp-block-columns is-layout-flex wp-container-core-columns-is-layout-2 wp-block-columns-is-layout-flex\">\n<div class=\"wp-block-column is-layout-flow wp-block-column-is-layout-flow\">\n<figure class=\"wp-block-image size-full\"><img loading=\"lazy\" decoding=\"async\" width=\"1000\" height=\"1000\" src=\"https:\/\/www.pipa.sk\/wp-content\/uploads\/2020\/05\/79483d6b604a9bf1c1712f2cc6501c5b-mmf1000x1000.jpg\" alt=\"\" class=\"wp-image-56\" srcset=\"https:\/\/www.pipa.sk\/wp-content\/uploads\/2020\/05\/79483d6b604a9bf1c1712f2cc6501c5b-mmf1000x1000.jpg 1000w, https:\/\/www.pipa.sk\/wp-content\/uploads\/2020\/05\/79483d6b604a9bf1c1712f2cc6501c5b-mmf1000x1000-300x300.jpg 300w, https:\/\/www.pipa.sk\/wp-content\/uploads\/2020\/05\/79483d6b604a9bf1c1712f2cc6501c5b-mmf1000x1000-150x150.jpg 150w, https:\/\/www.pipa.sk\/wp-content\/uploads\/2020\/05\/79483d6b604a9bf1c1712f2cc6501c5b-mmf1000x1000-768x768.jpg 768w, https:\/\/www.pipa.sk\/wp-content\/uploads\/2020\/05\/79483d6b604a9bf1c1712f2cc6501c5b-mmf1000x1000-370x370.jpg 370w\" sizes=\"auto, (max-width: 1000px) 100vw, 1000px\" \/><\/figure>\n\n\n\n<p><\/p>\n<\/div>\n\n\n\n<div class=\"wp-block-column is-layout-flow wp-block-column-is-layout-flow\">\n<p>jednop\u00e1kov\u00e1 p\u00edpa je ide\u00e1lnym zariaden\u00edm na \u010dapovanie piva pre men\u0161ie p\u00e1rty a akcie.&nbsp;<strong>Je predur\u010den\u00e1 na dom\u00e1ce pou\u017eitie.<\/strong>&nbsp;Za hodinu ochlad\u00ed(5-8\u00b0C) a vy\u010dapuje 15-20l (Lindr20K max 25l) piva. V\u00e1\u017ei v\u0161ak 14kg a pre nap\u00e1janie je nutn\u00e1 elektrick\u00e1 energia 230V\/50Hz.<br><strong>Cena<\/strong>&nbsp;zapo\u017ei\u010dania na v\u00edkend PIA-NE je&nbsp;<strong>60 \u20ac<\/strong>&nbsp;(zapo\u017ei\u010danie na PO-PIA 24 hod\u00edn 45 \u20ac) a&nbsp;<strong>z\u00e1loha<\/strong>&nbsp;za zariadenie je&nbsp;<strong>300 \u20ac<\/strong>. Rezerv\u00e1cie prij\u00edmame na telef\u00f3nnom \u010d\u00edsle 0904 93 77 43. V cene nie je zar\u00e1tan\u00fd&nbsp;<strong>dovoz\/odvoz (5.5 \u20ac)<\/strong>&nbsp;zariadenia.<br>Ur\u010den\u00e1 pre z\u00e1hradn\u00e9 gardenparty,&nbsp;<strong>nie je vhodn\u00e1 na komer\u010dn\u00e9 \u00fa\u010dely<\/strong>!<\/p>\n\n\n\n<hr class=\"wp-block-separator has-alpha-channel-opacity\"\/>\n<\/div>\n<\/div>\n<\/div><\/div>\n\n\n<div class=\"wp-block-image\">\n<figure class=\"alignright size-full is-resized\"><img loading=\"lazy\" decoding=\"async\" width=\"585\" height=\"650\" src=\"https:\/\/www.pipa.sk\/wp-content\/uploads\/2020\/05\/lindr-kontakt-40-k-2-tockovy-rozmer-225-x-300-x-425-vsy.jpg\" alt=\"\" class=\"wp-image-58\" style=\"width:237px;height:auto\" srcset=\"https:\/\/www.pipa.sk\/wp-content\/uploads\/2020\/05\/lindr-kontakt-40-k-2-tockovy-rozmer-225-x-300-x-425-vsy.jpg 585w, https:\/\/www.pipa.sk\/wp-content\/uploads\/2020\/05\/lindr-kontakt-40-k-2-tockovy-rozmer-225-x-300-x-425-vsy-270x300.jpg 270w, https:\/\/www.pipa.sk\/wp-content\/uploads\/2020\/05\/lindr-kontakt-40-k-2-tockovy-rozmer-225-x-300-x-425-vsy-370x411.jpg 370w\" sizes=\"auto, (max-width: 585px) 100vw, 585px\" \/><\/figure><\/div>\n\n\n<h2 class=\"wp-block-heading\">dvojp\u00e1kov\u00e1 p\u00edpa s chladen\u00edm a kompresorom Lindr40K<\/h2>\n\n\n\n<p>poloprofesion\u00e1lne rie\u0161enie pre stredne ve\u013ek\u00e9 spolo\u010densk\u00e9 akcie, kde je potrebn\u00e9 zabezpe\u010di\u0165 dva druhy chladen\u00fdch n\u00e1pojov. V\u00fd\u010dap v\u00e1\u017ei 30kg a na chod potrebuje 230V\/50Hz. Dok\u00e1\u017ee vychladi\u0165 za hodinu 40l (max. 50l) n\u00e1poja.<br><strong>Cena<\/strong>&nbsp;zapo\u017ei\u010dania dvojp\u00e1kovej p\u00edpy na v\u00edkend PIA-NE je&nbsp;85<strong>&nbsp;\u20ac<\/strong>&nbsp;(zapo\u017ei\u010danie PO-PIA na 24 hod\u00edn 55 \u20ac) a z\u00e1loha za zariadenie je&nbsp;<strong>500 \u20ac<\/strong>. Rezerv\u00e1cie prij\u00edmame na telef\u00f3nnom \u010d\u00edsle 0904 93 77 43. V cene nie je zar\u00e1tan\u00fd&nbsp;<strong>dovoz\/odvoz (5.5 \u20ac)<\/strong>&nbsp;zariadenia.<\/p>\n\n\n\n<hr class=\"wp-block-separator has-alpha-channel-opacity\"\/>\n\n\n\n<p><\/p>\n\n\n\n<h2 class=\"wp-block-heading\">dvojp\u00e1kov\u00e1 p\u00edpa s chladen\u00edm a kompresorom Lindr70K<\/h2>\n\n\n\n<p>t\u00e1to dvojp\u00e1kov\u00e1 p\u00edpa je viac ako ide\u00e1lnym zariaden\u00edm na \u010dapovanie piva pre stredne ve\u013ek\u00e9 p\u00e1rty a akcie.\u00a0<strong>M\u00e1 vstavan\u00fd ve\u013emi siln\u00fd kopresor<\/strong>, ktor\u00fd nahrad\u00ed pohodlne tlakovanie cez CO2. Za hodinu ochlad\u00ed(5-8\u00b0C) a vy\u010dapuje 60-80l (max. 90l) piva. V\u00e1\u017ei v\u0161ak a\u017e 37kg a pre nap\u00e1janie je nutn\u00e1 elektrick\u00e1 energia 230V\/50Hz.<br><strong>Cena<\/strong>\u00a0zapo\u017ei\u010dania na v\u00edkend PIA-NE je\u00a0<strong>95 \u20ac<\/strong>\u00a0(zapo\u017ei\u010danie na PO-PIA 24 hod\u00edn 65 \u20ac) a\u00a0<strong>z\u00e1loha<\/strong>\u00a0za zariadenie je\u00a0<strong>500 \u20ac<\/strong>. Rezerv\u00e1cie prij\u00edmame na telef\u00f3nnom \u010d\u00edsle 0904 93 77 43. V cene nie je zar\u00e1tan\u00fd\u00a0<strong>dovoz\/odvoz (5.5 \u20ac)<\/strong>\u00a0zariadenia.<\/p>\n\n\n\n<hr class=\"wp-block-separator has-alpha-channel-opacity\"\/>\n\n\n\n<p><\/p>\n\n\n\n<h2 class=\"wp-block-heading\">dvojp\u00e1kov\u00e1 p\u00edpa s chladen\u00edm a kompresorom Lindr115<\/h2>\n\n\n\n<p>toto je mercedes medzi v\u00fd\u010dapn\u00fdmi zariadeniami. Jej v\u00fdkon viac ako 260 p\u00edv za hodinu je obmedzen\u00fd u\u017e len po\u010dtom sudov, ktor\u00e9 m\u00e1te k dispoz\u00edcii na vy\u010dapovanie. V\u00fdkon \u00faplne posta\u010duje v akomko\u013evek teplom po\u010das\u00ed. V\u00fd\u010dap v\u00e1\u017ei 45.2kg a na chod potrebuje 230V\/50Hz.&nbsp;<strong>Nem\u00e1 vstavan\u00fd kopresor<\/strong>, preto je potrebn\u00e9 pou\u017ei\u0165 CO2 v objeme cca 0.5kg CO2 na jeden 50l KEG sud.&nbsp;<strong>CO2 nie je v cene.<\/strong><br><strong>Cena<\/strong>&nbsp;zapo\u017ei\u010dania dvojp\u00e1kovej p\u00edpy na v\u00edkend PIA-NE je&nbsp;<strong>135 \u20ac<\/strong>&nbsp;(zapo\u017ei\u010danie PO-PIA na 24 hod\u00edn 70 \u20ac) a z\u00e1loha za zariadenie je&nbsp;<strong>700 \u20ac<\/strong>. Rezerv\u00e1cie prij\u00edmame na telef\u00f3nnom \u010d\u00edsle 0904 93 77 43. V cene nie je zar\u00e1tan\u00fd&nbsp;<strong>dovoz\/odvoz (5.5 \u20ac)<\/strong>&nbsp;zariadenia.<\/p>\n\n\n\n<p><\/p>\n\n\n\n<h2 class=\"wp-block-heading\"><a href=\"https:\/\/www.pipa.sk\/?page_id=60\">pokra\u010duj pre v\u00fdber spr\u00e1vneho KEG sudu<\/a><\/h2>\n","protected":false},"excerpt":{"rendered":"<p>jednop\u00e1kov\u00e1 p\u00e1rty p\u00edpa bez chladenia s pumpi\u010dkou jednop\u00e1kov\u00e1 p\u00edpa s tlakovacou pumpi\u010dkou. Ve\u013emi dobr\u00e1 pom\u00f4cka na nen\u00e1ro\u010dn\u00e9 \u010dapovanie piva. Pumpi\u010dkou sa v sude vytv\u00e1ra tlak a tak sa d\u00e1 pivo \u010dapova\u0165. Nev\u00fdhodou v\u0161ak je, \u017ee pivo z nevychladn\u00e9ho suda bude ma\u0165 teplotu okolia. Odpor\u00fa\u010dan\u00e1 teplota piva je 5-10, max. 18\u00b0C.Cena&nbsp;zapo\u017ei\u010dania p\u00e1rtyp\u00edpy na v\u00edkend PIA-NE je&nbsp;24 \u20ac&nbsp;(zapo\u017ei\u010danie na PO-PIA 24 hod\u00edn 14 \u20ac) a z\u00e1loha za zariadenie je&nbsp;100 \u20ac. Rezerv\u00e1cie prij\u00edmame na telef\u00f3nnom \u010d\u00edsle 0904 93 77 43. V cene nie je zar\u00e1tan\u00fd&nbsp;dovoz\/odvoz (5.5 \u20ac)&nbsp;zariadenia. jednop\u00e1kov\u00e1 p\u00edpa s chladen\u00edm a kompresorom Lindr Lindr20K jednop\u00e1kov\u00e1 p\u00edpa je ide\u00e1lnym zariaden\u00edm na \u010dapovanie piva pre men\u0161ie p\u00e1rty a akcie.&nbsp;Je predur\u010den\u00e1 na dom\u00e1ce pou\u017eitie.&nbsp;Za hodinu ochlad\u00ed(5-8\u00b0C) a vy\u010dapuje 15-20l (Lindr20K max 25l) piva. V\u00e1\u017ei v\u0161ak 14kg a pre nap\u00e1janie je nutn\u00e1 elektrick\u00e1 energia 230V\/50Hz.Cena&nbsp;zapo\u017ei\u010dania na v\u00edkend PIA-NE je&nbsp;60 \u20ac&nbsp;(zapo\u017ei\u010danie na PO-PIA 24 hod\u00edn 45 \u20ac) a&nbsp;z\u00e1loha&nbsp;za zariadenie je&nbsp;300 \u20ac. Rezerv\u00e1cie prij\u00edmame na telef\u00f3nnom \u010d\u00edsle 0904[&#8230;]<\/p>\n","protected":false},"author":1,"featured_media":93,"parent":0,"menu_order":0,"comment_status":"closed","ping_status":"closed","template":"","meta":{"footnotes":""},"class_list":["post-170","page","type-page","status-publish","has-post-thumbnail","hentry"],"_links":{"self":[{"href":"https:\/\/www.pipa.sk\/index.php?rest_route=\/wp\/v2\/pages\/170","targetHints":{"allow":["GET"]}}],"collection":[{"href":"https:\/\/www.pipa.sk\/index.php?rest_route=\/wp\/v2\/pages"}],"about":[{"href":"https:\/\/www.pipa.sk\/index.php?rest_route=\/wp\/v2\/types\/page"}],"author":[{"embeddable":true,"href":"https:\/\/www.pipa.sk\/index.php?rest_route=\/wp\/v2\/users\/1"}],"replies":[{"embeddable":true,"href":"https:\/\/www.pipa.sk\/index.php?rest_route=%2Fwp%2Fv2%2Fcomments&post=170"}],"version-history":[{"count":5,"href":"https:\/\/www.pipa.sk\/index.php?rest_route=\/wp\/v2\/pages\/170\/revisions"}],"predecessor-version":[{"id":206,"href":"https:\/\/www.pipa.sk\/index.php?rest_route=\/wp\/v2\/pages\/170\/revisions\/206"}],"wp:featuredmedia":[{"embeddable":true,"href":"https:\/\/www.pipa.sk\/index.php?rest_route=\/wp\/v2\/media\/93"}],"wp:attachment":[{"href":"https:\/\/www.pipa.sk\/index.php?rest_route=%2Fwp%2Fv2%2Fmedia&parent=170"}],"curies":[{"name":"wp","href":"https:\/\/api.w.org\/{rel}","templated":true}]}}