{"id":27,"date":"2020-05-08T23:03:12","date_gmt":"2020-05-08T21:03:12","guid":{"rendered":"http:\/\/pipa.sk\/?page_id=27"},"modified":"2026-01-30T08:28:45","modified_gmt":"2026-01-30T07:28:45","slug":"toto-je-nadpis","status":"publish","type":"page","link":"https:\/\/www.pipa.sk\/?page_id=27","title":{"rendered":"o n\u00e1s"},"content":{"rendered":"\n<p>Od roku 2004 sa zaober\u00e1me kuri\u00e9rskymi slu\u017ebami v Bratislave a okol\u00ed. \u010capovacie zariadenia dod\u00e1vame v\u00e4\u010d\u0161inou dom\u00e1cnostiam na grilova\u010dky a z\u00e1hradn\u00e9 p\u00e1rty, ale osvie\u017eili sme u\u017e aj be\u00e1nie a teambuildingy. V pr\u00edpade pravideln\u00fdch z\u00e1po\u017ei\u010diek poskytujeme a\u017e 30% zlavy.<br>Vo v\u0161eobecnosti V\u00e1m tovar doru\u010d\u00edme najsk\u00f4r 24 hod\u00edn po objednan\u00ed v pracovn\u00e9 dni od 10.00 do 13.00 (, alebo dohoda).<\/p>\n\n\n\n<p><strong>Ing. J\u00e1n Ondirko<\/strong><br>kontakt: 0904 93 77 43; pipa.sk@bds24.sk<\/p>\n\n\n\n<p><\/p>\n","protected":false},"excerpt":{"rendered":"<p>Od roku 2004 sa zaober\u00e1me kuri\u00e9rskymi slu\u017ebami v Bratislave a okol\u00ed. \u010capovacie zariadenia dod\u00e1vame v\u00e4\u010d\u0161inou dom\u00e1cnostiam na grilova\u010dky a z\u00e1hradn\u00e9 p\u00e1rty, ale osvie\u017eili sme u\u017e aj be\u00e1nie a teambuildingy. V pr\u00edpade pravideln\u00fdch z\u00e1po\u017ei\u010diek poskytujeme a\u017e 30% zlavy.Vo v\u0161eobecnosti V\u00e1m tovar doru\u010d\u00edme najsk\u00f4r 24 hod\u00edn po objednan\u00ed v pracovn\u00e9 dni od 10.00 do 13.00 (, alebo dohoda). Ing. J\u00e1n Ondirkokontakt: 0904 93 77 43; pipa.sk@bds24.sk<\/p>\n","protected":false},"author":1,"featured_media":0,"parent":0,"menu_order":0,"comment_status":"closed","ping_status":"closed","template":"","meta":{"footnotes":""},"class_list":["post-27","page","type-page","status-publish","hentry"],"_links":{"self":[{"href":"https:\/\/www.pipa.sk\/index.php?rest_route=\/wp\/v2\/pages\/27","targetHints":{"allow":["GET"]}}],"collection":[{"href":"https:\/\/www.pipa.sk\/index.php?rest_route=\/wp\/v2\/pages"}],"about":[{"href":"https:\/\/www.pipa.sk\/index.php?rest_route=\/wp\/v2\/types\/page"}],"author":[{"embeddable":true,"href":"https:\/\/www.pipa.sk\/index.php?rest_route=\/wp\/v2\/users\/1"}],"replies":[{"embeddable":true,"href":"https:\/\/www.pipa.sk\/index.php?rest_route=%2Fwp%2Fv2%2Fcomments&post=27"}],"version-history":[{"count":3,"href":"https:\/\/www.pipa.sk\/index.php?rest_route=\/wp\/v2\/pages\/27\/revisions"}],"predecessor-version":[{"id":248,"href":"https:\/\/www.pipa.sk\/index.php?rest_route=\/wp\/v2\/pages\/27\/revisions\/248"}],"wp:attachment":[{"href":"https:\/\/www.pipa.sk\/index.php?rest_route=%2Fwp%2Fv2%2Fmedia&parent=27"}],"curies":[{"name":"wp","href":"https:\/\/api.w.org\/{rel}","templated":true}]}}