{"id":33,"date":"2020-05-08T23:14:32","date_gmt":"2020-05-08T21:14:32","guid":{"rendered":"http:\/\/pipa.sk\/?page_id=33"},"modified":"2026-01-30T08:27:25","modified_gmt":"2026-01-30T07:27:25","slug":"kontaktny-formular","status":"publish","type":"page","link":"https:\/\/www.pipa.sk\/?page_id=33","title":{"rendered":"kontakty"},"content":{"rendered":"\n<p>Od roku 2004 sa zaober\u00e1me kuri\u00e9rskymi slu\u017ebami v Bratislave a okol\u00ed. \u010capovacie zariadenia dod\u00e1vame v\u00e4\u010d\u0161inou dom\u00e1cnostiam na grilova\u010dky a z\u00e1hradn\u00e9 p\u00e1rty, ale osvie\u017eili sme u\u017e aj be\u00e1nie, svadby a aj firemn\u00e9 teambuildingy. <\/p>\n\n\n\n<p><br>Vo v\u0161eobecnosti V\u00e1m tovar doru\u010d\u00edme najsk\u00f4r 24 hod\u00edn po objednan\u00ed v pracovn\u00e9 dni od 10.00 do 13.00 (, alebo dohoda).<\/p>\n\n\n\n<p><strong>Ing. J\u00e1n Ondirko<\/strong><br>kontakt: 0904 93 77 43; pipa.sk@bds24.sk<\/p>\n\n\n","protected":false},"excerpt":{"rendered":"<p>Od roku 2004 sa zaober\u00e1me kuri\u00e9rskymi slu\u017ebami v Bratislave a okol\u00ed. \u010capovacie zariadenia dod\u00e1vame v\u00e4\u010d\u0161inou dom\u00e1cnostiam na grilova\u010dky a z\u00e1hradn\u00e9 p\u00e1rty, ale osvie\u017eili sme u\u017e aj be\u00e1nie, svadby a aj firemn\u00e9 teambuildingy. Vo v\u0161eobecnosti V\u00e1m tovar doru\u010d\u00edme najsk\u00f4r 24 hod\u00edn po objednan\u00ed v pracovn\u00e9 dni od 10.00 do 13.00 (, alebo dohoda). Ing. J\u00e1n Ondirkokontakt: 0904 93 77 43; pipa.sk@bds24.sk<\/p>\n","protected":false},"author":1,"featured_media":0,"parent":0,"menu_order":0,"comment_status":"closed","ping_status":"closed","template":"","meta":{"footnotes":""},"class_list":["post-33","page","type-page","status-publish","hentry"],"_links":{"self":[{"href":"https:\/\/www.pipa.sk\/index.php?rest_route=\/wp\/v2\/pages\/33","targetHints":{"allow":["GET"]}}],"collection":[{"href":"https:\/\/www.pipa.sk\/index.php?rest_route=\/wp\/v2\/pages"}],"about":[{"href":"https:\/\/www.pipa.sk\/index.php?rest_route=\/wp\/v2\/types\/page"}],"author":[{"embeddable":true,"href":"https:\/\/www.pipa.sk\/index.php?rest_route=\/wp\/v2\/users\/1"}],"replies":[{"embeddable":true,"href":"https:\/\/www.pipa.sk\/index.php?rest_route=%2Fwp%2Fv2%2Fcomments&post=33"}],"version-history":[{"count":12,"href":"https:\/\/www.pipa.sk\/index.php?rest_route=\/wp\/v2\/pages\/33\/revisions"}],"predecessor-version":[{"id":247,"href":"https:\/\/www.pipa.sk\/index.php?rest_route=\/wp\/v2\/pages\/33\/revisions\/247"}],"wp:attachment":[{"href":"https:\/\/www.pipa.sk\/index.php?rest_route=%2Fwp%2Fv2%2Fmedia&parent=33"}],"curies":[{"name":"wp","href":"https:\/\/api.w.org\/{rel}","templated":true}]}}