{"id":36,"date":"2020-05-08T23:17:11","date_gmt":"2020-05-08T21:17:11","guid":{"rendered":"http:\/\/pipa.sk\/?page_id=36"},"modified":"2026-01-30T08:36:23","modified_gmt":"2026-01-30T07:36:23","slug":"vseobecne-obchodne-podmienky","status":"publish","type":"page","link":"https:\/\/www.pipa.sk\/?page_id=36","title":{"rendered":"V\u0161eobecn\u00e9 obchodn\u00e9 podmienky"},"content":{"rendered":"\n<p><strong>1. \u00davod<\/strong>\u00a0&#8211; v predmete slu\u017eby sa jedn\u00e1 o k\u00fapu KEG n\u00e1plne a v\u00fdpo\u017ei\u010dky pr\u00edstrojov, pom\u00f4cok, zariaden\u00ed (\u010falej len pr\u00edstroje) potrebn\u00e9 k \u010dapovaniu piva z KEG sudov 30l a 50l od LORANET, S.R.O., I\u010cO: 54092736 (\u010falej len vlastn\u00edk) n\u00e1jomcovi (z\u00e1kazn\u00edk).<br><strong>2. Predmet<\/strong>\u00a0&#8211; n\u00e1jomca si vypo\u017ei\u010diava pr\u00edstroje za odplatu, pri\u010dom patri\u010dn\u00e9 zaobch\u00e1dzanie s pr\u00edstrojom podmieni zlo\u017een\u00edm kaucie(z\u00e1lohy). Z\u00e1loha sa vracia po predch\u00e1dzaj\u00facej kontrole pr\u00edstroja.<br><strong>3. Objedn\u00e1vka<\/strong>\u00a0&#8211; n\u00e1jomca objedn\u00e1va zariadenie v\u010das, najnesk\u00f4r 24 hod\u00edn pred doru\u010den\u00edm, pri\u010dom pri viacer\u00fdch z\u00e1ujemcoch o ich uspokojen\u00ed rozhoduje vlastn\u00edk.<br><strong>4. Doru\u010denie<\/strong>\u00a0&#8211; v pr\u00edpade, \u017ee je v predmete v\u00fdpo\u017ei\u010dky je dovozn\u00e9\/zvozn\u00e9, toto je vykon\u00e1van\u00e9 na\u0161ou slu\u017ebou po kontaktovan\u00ed n\u00e1\u0161im kuri\u00e9rom v de\u0148 don\u00e1\u0161ky. V ostatn\u00fdch pr\u00edpadoch je nutn\u00fd vlastn\u00fd odber po predch\u00e1dzaj\u00facom dohovore na 0904 93 77 43.<br><strong>5. Platba<\/strong>\u00a0&#8211; platba sa uskuto\u010d\u0148uje v hotovosti, ak v \u010dase preberania tovaru n\u00e1jomcom predmetn\u00e1 platba (vr\u00e1tane kaucie) nebola pouk\u00e1zan\u00e1 na \u00fa\u010det v Tatrabanka, a.s. Kaucia sa vracia v hotovosti, alebo prevodom na \u00fa\u010det po prech\u00e1dzaj\u00facom dohovore.<br><strong>6. Ochrana osobn\u00fdch \u00fadajov<\/strong>\u00a0&#8211; osobn\u00e9 \u00fadaje sl\u00fa\u017eia na uspokojenie obchodn\u00fdch potrieb n\u00e1jomcu a nebud\u00fa poskytnut\u00e9 tret\u00edm osob\u00e1m.<br><strong>7. Reklam\u00e1cie<\/strong>\u00a0&#8211; pr\u00edstroje s\u00fa n\u00e1jomcovi poskytnut\u00e9 v stave potrebnom na bezprobl\u00e9mov\u00e9 nar\u00e1banie s nimi. V pr\u00edpade pochybenia je mo\u017en\u00e9 n\u00e1rokova\u0165 si na z\u013eavu z \u00faplaty pr\u00edpadne o \u00fapln\u00e9 zru\u0161enie \u00faplaty.<br><strong>8. Obmedzenie predaja<\/strong> &#8211; alkohol a tabakov\u00e9 v\u00fdrobky je mo\u017en\u00e9 pred\u00e1va\u0165 len osob\u00e1m star\u0161\u00edm ako 18 rokov.<br><strong>9. Z\u00e1vere\u010dn\u00e9 ustanovenia<\/strong>\u00a0&#8211; v\u0161etky pr\u00e1vne vz\u0165ahy vznikaj\u00face medzi vlastn\u00edkom a n\u00e1jomcom sa riadia platn\u00fdmi pr\u00e1vnymi predpismi Slovenskej republiky. Vo veciach, ktor\u00e9 neupravuj\u00fa tieto Obchodn\u00e9 podmienky sa uplatnia pr\u00edslu\u0161n\u00e9 ustanovenia Ob\u010dianskeho a Obchodn\u00e9ho z\u00e1konn\u00edka. Vlastn\u00edk si vyhradzuje pr\u00e1vo meni\u0165 tieto obchodn\u00e9 podmienky, o t\u00fdchto zmen\u00e1ch v\u0161ak mus\u00ed n\u00e1jomcu v\u010das informova\u0165.<\/p>\n","protected":false},"excerpt":{"rendered":"<p>1. \u00davod\u00a0&#8211; v predmete slu\u017eby sa jedn\u00e1 o k\u00fapu KEG n\u00e1plne a v\u00fdpo\u017ei\u010dky pr\u00edstrojov, pom\u00f4cok, zariaden\u00ed (\u010falej len pr\u00edstroje) potrebn\u00e9 k \u010dapovaniu piva z KEG sudov 30l a 50l od LORANET, S.R.O., I\u010cO: 54092736 (\u010falej len vlastn\u00edk) n\u00e1jomcovi (z\u00e1kazn\u00edk).2. Predmet\u00a0&#8211; n\u00e1jomca si vypo\u017ei\u010diava pr\u00edstroje za odplatu, pri\u010dom patri\u010dn\u00e9 zaobch\u00e1dzanie s pr\u00edstrojom podmieni zlo\u017een\u00edm kaucie(z\u00e1lohy). Z\u00e1loha sa vracia po predch\u00e1dzaj\u00facej kontrole pr\u00edstroja.3. Objedn\u00e1vka\u00a0&#8211; n\u00e1jomca objedn\u00e1va zariadenie v\u010das, najnesk\u00f4r 24 hod\u00edn pred doru\u010den\u00edm, pri\u010dom pri viacer\u00fdch z\u00e1ujemcoch o ich uspokojen\u00ed rozhoduje vlastn\u00edk.4. Doru\u010denie\u00a0&#8211; v pr\u00edpade, \u017ee je v predmete v\u00fdpo\u017ei\u010dky je dovozn\u00e9\/zvozn\u00e9, toto je vykon\u00e1van\u00e9 na\u0161ou slu\u017ebou po kontaktovan\u00ed n\u00e1\u0161im kuri\u00e9rom v de\u0148 don\u00e1\u0161ky. V ostatn\u00fdch pr\u00edpadoch je nutn\u00fd vlastn\u00fd odber po predch\u00e1dzaj\u00facom dohovore na 0904 93 77 43.5. Platba\u00a0&#8211; platba sa uskuto\u010d\u0148uje v hotovosti, ak v \u010dase preberania tovaru n\u00e1jomcom predmetn\u00e1 platba (vr\u00e1tane kaucie) nebola pouk\u00e1zan\u00e1 na \u00fa\u010det v Tatrabanka, a.s. Kaucia sa vracia v hotovosti, alebo prevodom na \u00fa\u010det po[&#8230;]<\/p>\n","protected":false},"author":1,"featured_media":0,"parent":0,"menu_order":0,"comment_status":"closed","ping_status":"closed","template":"","meta":{"footnotes":""},"class_list":["post-36","page","type-page","status-publish","hentry"],"_links":{"self":[{"href":"https:\/\/www.pipa.sk\/index.php?rest_route=\/wp\/v2\/pages\/36","targetHints":{"allow":["GET"]}}],"collection":[{"href":"https:\/\/www.pipa.sk\/index.php?rest_route=\/wp\/v2\/pages"}],"about":[{"href":"https:\/\/www.pipa.sk\/index.php?rest_route=\/wp\/v2\/types\/page"}],"author":[{"embeddable":true,"href":"https:\/\/www.pipa.sk\/index.php?rest_route=\/wp\/v2\/users\/1"}],"replies":[{"embeddable":true,"href":"https:\/\/www.pipa.sk\/index.php?rest_route=%2Fwp%2Fv2%2Fcomments&post=36"}],"version-history":[{"count":4,"href":"https:\/\/www.pipa.sk\/index.php?rest_route=\/wp\/v2\/pages\/36\/revisions"}],"predecessor-version":[{"id":251,"href":"https:\/\/www.pipa.sk\/index.php?rest_route=\/wp\/v2\/pages\/36\/revisions\/251"}],"wp:attachment":[{"href":"https:\/\/www.pipa.sk\/index.php?rest_route=%2Fwp%2Fv2%2Fmedia&parent=36"}],"curies":[{"name":"wp","href":"https:\/\/api.w.org\/{rel}","templated":true}]}}