{"id":60,"date":"2020-05-08T23:36:55","date_gmt":"2020-05-08T21:36:55","guid":{"rendered":"http:\/\/pipa.sk\/?page_id=60"},"modified":"2025-04-16T22:40:01","modified_gmt":"2025-04-16T20:40:01","slug":"ponuka-keg-sudov","status":"publish","type":"page","link":"https:\/\/www.pipa.sk\/?page_id=60","title":{"rendered":"ponuka KEG sudov &#8230;"},"content":{"rendered":"\n<p>&#8230; pre sez\u00f3nu 2025<\/p>\n\n\n\n<figure class=\"wp-block-table is-style-stripes\">\n<table><tr><td>No.<\/td><td>n\u00e1zov tovaru<\/td><td>min. ks<\/td><td>ks v bal.<\/td><td>cena v EUR<\/td><\/tr><tr><td>1<\/td><td>BERNARD svetl\u00e9 pivo le\u017eiak 11% KEG 30l<\/td><td>1<\/td><td>1<\/td><td>69<\/td><\/tr><tr><td>2<\/td><td>BERNARD svetl\u00e9 pivo le\u017eiak 11% KEG 50l<\/td><td>1<\/td><td>1<\/td><td>105<\/td><\/tr><tr><td>3<\/td><td>BERNARD svetl\u00e9 pivo le\u017eiak 12% KEG 30l<\/td><td>1<\/td><td>1<\/td><td>72<\/td><\/tr><tr><td>4<\/td><td>BERNARD svetl\u00e9 pivo v\u00fd\u010dapn\u00e9 10% KEG 30l<\/td><td>1<\/td><td>1<\/td><td>65<\/td><\/tr><tr><td>5<\/td><td>BERNARD svetl\u00e9 pivo v\u00fd\u010dapn\u00e9 10% KEG 50l<\/td><td>1<\/td><td>1<\/td><td>99<\/td><\/tr><tr><td>6<\/td><td>BUDVAR Original svetl\u00e9 pivo 12% KEG 30l<\/td><td>1<\/td><td>1<\/td><td>83<\/td><\/tr><tr><td>7<\/td><td>BUDVAR svetl\u00e9 pivo 12% KEG 50l<\/td><td>1<\/td><td>1<\/td><td>123<\/td><\/tr><tr><td>8<\/td><td>BUDVAR V\u00fd\u010depn\u00ed svetl\u00e9 pivo 10% KEG 30l<\/td><td>1<\/td><td>1<\/td><td>72<\/td><\/tr><tr><td>9<\/td><td>BUDVAR V\u00fd\u010depn\u00ed svetl\u00e9 pivo 10% KEG 50l<\/td><td>1<\/td><td>1<\/td><td>103<\/td><\/tr><tr><td>10<\/td><td>GAMBRINUS pivo svetl\u00e9 10% KEG 30l<\/td><td>1<\/td><td>1<\/td><td>74<\/td><\/tr><tr><td>11<\/td><td>GAMBRINUS pivo svetl\u00e9 10% KEG 50l<\/td><td>1<\/td><td>1<\/td><td>102<\/td><\/tr><tr><td>12<\/td><td>KOFOLA origin\u00e1l KEG 20l<\/td><td>1<\/td><td>1<\/td><td>51<\/td><\/tr><tr><td>13<\/td><td>KOFOLA origin\u00e1l KEG 50l<\/td><td>1<\/td><td>1<\/td><td>82<\/td><\/tr><tr><td>14<\/td><td>PLZE\u0147 svetl\u00e9 pivo 12% KEG 15l<\/td><td>1<\/td><td>1<\/td><td>67<\/td><\/tr><tr><td>15<\/td><td>PLZE\u0147 svetl\u00e9 pivo 12% KEG 30l <\/td><td>1<\/td><td>1<\/td><td>109<\/td><\/tr><tr><td>16<\/td><td>PLZE\u0147 svetl\u00e9 pivo 12% KEG 50l <\/td><td>1<\/td><td>1<\/td><td>150<\/td><\/tr><tr><td>17<\/td><td>RADEGAST BIRELL nealko 15l KEG<\/td><td>1<\/td><td>1<\/td><td>47<\/td><\/tr><tr><td>18<\/td><td>RADEGAST BIRELL nealko 30l KEG<\/td><td>1<\/td><td>1<\/td><td>72<\/td><\/tr><tr><td>19<\/td><td>RADEGAST pivo svetl\u00e9 v\u00fd\u010dapn\u00e9 12% 30L KEG<\/td><td>1<\/td><td>1<\/td><td>84<\/td><\/tr><tr><td>20<\/td><td>RADEGAST pivo svetl\u00e9 v\u00fd\u010dapn\u00e9 12% 50L KEG<\/td><td>1<\/td><td>1<\/td><td>117<\/td><\/tr><tr><td>21<\/td><td>S\u00d3DA n\u00e1poj nealkoholick\u00fd 50l KEG<\/td><td>1<\/td><td>1<\/td><td>35<\/td><\/tr><tr><td>22<\/td><td>STAROPRAMEN 11\u00b0 KEG 30l<\/td><td>1<\/td><td>1<\/td><td>78<\/td><\/tr><tr><td>23<\/td><td>STAROPRAMEN 11\u00b0 KEG 50l<\/td><td>1<\/td><td>1<\/td><td>111<\/td><\/tr><tr><td>24<\/td><td>STAROPRAMEN Premium svetl\u00e9 12% 30l KEG<\/td><td>1<\/td><td>1<\/td><td>81<\/td><\/tr><tr><td>25<\/td><td>STAROPRAMEN Premium svetl\u00e9 12% 50l KEG<\/td><td>1<\/td><td>1<\/td><td>113<\/td><\/tr><tr><td>26<\/td><td>STAROPRAMEN Sm\u00edchov svetl\u00e9 10% 30l KEG<\/td><td>1<\/td><td>1<\/td><td>74<\/td><\/tr><tr><td>27<\/td><td>STAROPRAMEN Sm\u00edchov svetl\u00e9 10% 50l KEG<\/td><td>1<\/td><td>1<\/td><td>105<\/td><\/tr><tr><td>28<\/td><td>Svijany Des\u00edtka 10\u00b0 KEG 30l<\/td><td>1<\/td><td>1<\/td><td>63<\/td><\/tr><tr><td>29<\/td><td>Svijany Des\u00edtka 10\u00b0 KEG 50l<\/td><td>1<\/td><td>1<\/td><td>94<\/td><\/tr><tr><td>30<\/td><td>Svijany M\u00e1z  11\u00b0 KEG 50l<\/td><td>1<\/td><td>1<\/td><td>107<\/td><\/tr><tr><td>31<\/td><td>Svijany M\u00e1z 11\u00b0 KEG 15l<\/td><td>1<\/td><td>1<\/td><td>45<\/td><\/tr><tr><td>32<\/td><td>Svijany M\u00e1z 11\u00b0 KEG 30l<\/td><td>1<\/td><td>1<\/td><td>71<\/td><\/tr><tr><td>33<\/td><td>Svijany Ryt\u00ed\u0159 12\u00b0 KEG 30l<\/td><td>1<\/td><td>1<\/td><td>73<\/td><\/tr><tr><td>34<\/td><td>Svijany Ryt\u00ed\u0159 12\u00b0 KEG 50l<\/td><td>1<\/td><td>1<\/td><td>111<\/td><\/tr><tr><td>35<\/td><td>Weizen Primator psenicne 15l KEG<\/td><td>1<\/td><td>1<\/td><td>45<\/td><\/tr><tr><td>36<\/td><td>ZLAT\u00dd BA\u017dANT 0,0% RADLER citr\u00f3n 30l KEG<\/td><td>1<\/td><td>1<\/td><td>81<\/td><\/tr>      <tr><td align=\"center\" colspan=\"5\"><small>posledn\u00e1 aktualiz\u00e1cia cenn\u00edka 16-04-2025 2025 22:34:16; v\u0161etky ceny s\u00fa kone\u010dn\u00e9<\/small><\/td><\/tr>\n      <tr><td align=\"center\" colspan=\"5\"><small>(c)2025 <i>www.pipa.sk, 0904 93 77 43<\/i><\/small><\/td><\/tr>         \n    <\/table>\n<\/figure>\n","protected":false},"excerpt":{"rendered":"<p>&#8230; pre sez\u00f3nu 2025 No. n\u00e1zov tovaru min. ks ks v bal. cena v EUR 1 BERNARD svetl\u00e9 pivo le\u017eiak 11% KEG 30l 1 1 69 2 BERNARD svetl\u00e9 pivo le\u017eiak 11% KEG 50l 1 1 105 3 BERNARD svetl\u00e9 pivo le\u017eiak 12% KEG 30l 1 1 72 4 BERNARD svetl\u00e9 pivo v\u00fd\u010dapn\u00e9 10% KEG 30l 1 1 65 5 BERNARD svetl\u00e9 pivo v\u00fd\u010dapn\u00e9 10% KEG 50l 1 1 99 6 BUDVAR Original svetl\u00e9 pivo 12% KEG 30l 1 1 83 7 BUDVAR svetl\u00e9 pivo 12% KEG 50l 1 1 123 8 BUDVAR V\u00fd\u010depn\u00ed svetl\u00e9 pivo 10% KEG 30l 1 1 72 9 BUDVAR V\u00fd\u010depn\u00ed svetl\u00e9 pivo 10% KEG 50l 1 1 103 10 GAMBRINUS pivo svetl\u00e9 10% KEG 30l 1 1 74 11 GAMBRINUS pivo svetl\u00e9 10% KEG 50l 1 1 102 12 KOFOLA origin\u00e1l KEG 20l 1 1 51 13 KOFOLA origin\u00e1l KEG 50l 1 1 82 14[&#8230;]<\/p>\n","protected":false},"author":1,"featured_media":0,"parent":0,"menu_order":0,"comment_status":"closed","ping_status":"closed","template":"","meta":{"footnotes":""},"class_list":["post-60","page","type-page","status-publish","hentry"],"_links":{"self":[{"href":"https:\/\/www.pipa.sk\/index.php?rest_route=\/wp\/v2\/pages\/60","targetHints":{"allow":["GET"]}}],"collection":[{"href":"https:\/\/www.pipa.sk\/index.php?rest_route=\/wp\/v2\/pages"}],"about":[{"href":"https:\/\/www.pipa.sk\/index.php?rest_route=\/wp\/v2\/types\/page"}],"author":[{"embeddable":true,"href":"https:\/\/www.pipa.sk\/index.php?rest_route=\/wp\/v2\/users\/1"}],"replies":[{"embeddable":true,"href":"https:\/\/www.pipa.sk\/index.php?rest_route=%2Fwp%2Fv2%2Fcomments&post=60"}],"version-history":[{"count":26,"href":"https:\/\/www.pipa.sk\/index.php?rest_route=\/wp\/v2\/pages\/60\/revisions"}],"predecessor-version":[{"id":242,"href":"https:\/\/www.pipa.sk\/index.php?rest_route=\/wp\/v2\/pages\/60\/revisions\/242"}],"wp:attachment":[{"href":"https:\/\/www.pipa.sk\/index.php?rest_route=%2Fwp%2Fv2%2Fmedia&parent=60"}],"curies":[{"name":"wp","href":"https:\/\/api.w.org\/{rel}","templated":true}]}}